{"id":11,"date":"2022-03-03T19:22:54","date_gmt":"2022-03-03T19:22:54","guid":{"rendered":"https:\/\/www.deborapps.edu.co\/?page_id=11"},"modified":"2026-04-13T12:24:02","modified_gmt":"2026-04-13T12:24:02","slug":"inicio","status":"publish","type":"page","link":"https:\/\/www.deborapps.edu.co\/","title":{"rendered":"Inicio"},"content":{"rendered":"<div  data-label=\"Overlappable\" data-id=\"overlappable--1\" data-export-id=\"overlappable-4\" data-category=\"overlappable\" class=\"overlappable-4 content-section content-section-spacing\" data-overlap=\"true\" id=\"overlappable-1\" style=\"background-color: rgb(255, 255, 255);\"><div  class=\"gridContainer\"> <div  data-type=\"row\" class=\"row spaced-cols text-center\"><div  class=\"col-xs-12 col-sm-4 col-padding col-md-6 \"> <a  data-cp-link=\"1\" href=\"https:\/\/mesaayuda.deboraarango.edu.co\" rel=\"noopener\" class=\"\"><i  class=\"fa icon shadow-large-black aligncenter color1 fa-headphones reverse round large\"><\/i><\/a> <div  data-type=\"column\" class=\"\"> <h5  class=\"\">Mesa de Ayuda<\/h5> <\/div> <\/div> <div  class=\"col-xs-12 col-sm-4 col-padding col-md-6 \"> <a  data-cp-link=\"1\" href=\"https:\/\/accounts.google.com\/signin\/v2\/identifier?continue=https%3A%2F%2Fmail.google.com%2Fmail%2F&amp;service=mail&amp;hd=deboraarango.edu.co&amp;sacu=1&amp;flowName=GlifWebSignIn&amp;flowEntry=AddSession\" rel=\"noopener\" class=\"\"><i  class=\"fa icon shadow-large-black aligncenter color1 fa-at reverse round large\"><\/i><\/a> <div  data-type=\"column\" class=\"\"><h5  class=\"\">Correo Institucional<\/h5> <\/div> <\/div> <\/div> <\/div><\/div><div  data-label=\"Acerca de\" data-id=\"content--1\" data-export-id=\"content-7\" data-category=\"content\" class=\"content-7 content-section content-section-spacing\" id=\"acerca-de\" style=\"background-color: rgb(245, 250, 253);\"><div  class=\"gridContainer\"> <div  class=\"row middle-sm\"><div  class=\"col-sm-6 space-bottom-xs\" data-type=\"column\"> <h2  class=\"\">Repositorio institucional<br >Tecnol\u00f3gico de Artes D\u00e9bora Arango \u2013 Instituci\u00f3n Redefinida<\/h2> <p  class=\"\">El Repositorio institucional es un espacio construido patra brindarte un acceso r\u00e1pido a las diferentes plataformas delTecnol\u00f3gico de Artes D\u00e9bora Arango<\/p> <\/div> <div  class=\"col-sm-6\" data-type=\"column\"> <img  decoding=\"async\" class=\"shadow-large\" src=\"https:\/\/www.deborapps.edu.co\/wp-content\/uploads\/2022\/03\/nueva_ubicacion.jpg\" alt=\"nueva_ubicacion\"><\/div> <\/div><\/div> <\/div><div  data-label=\"Sistema academico institucional\" data-id=\"cta--1\" data-export-id=\"cta-blue-section\" data-category=\"cta\" class=\"cta-blue-section content-section content-section-spacing-medium bg-color1 white-text\" id=\"sistema-academico-institucional\"><div  class=\"gridContainer\"> <div  class=\"row middle-xs\"><div  class=\"col-sm-8 space-bottom-xs\" data-type=\"column\"> <h2  class=\"\">ACADEMUSOFT<\/h2> <p  class=\"\">Sistema acad\u00e9mico institucional<\/p><a  class=\"link\" href=\"https:\/\/www.deboraarango.edu.co\/inicio\/wp-content\/uploads\/2021\/07\/Instructivo-de-ingreso-a-ACADEMUSOFT.pdf\" data-cp-link=\"1\" rel=\"noopener\">nuevo enlace<\/a><a  class=\"button blue\" href=\"https:\/\/www.deboraarango.edu.co\/inicio\/wp-content\/uploads\/2021\/07\/Instructivo-de-ingreso-a-ACADEMUSOFT.pdf\" data-cp-link=\"1\" rel=\"noopener\">Ver instructivo de ingreso a ACADEMUSOFT<\/a><\/div> <div  class=\"col-sm-4 end-sm\" data-type=\"column\"> <a  class=\"button color2\" href=\"https:\/\/www.deborapps.edu.co?page_id=237\" data-cp-link=\"1\" rel=\"noopener\">Ir a ACADEMUSOFT<\/a><p  class=\"\">\n<br ><br >\n<\/p><a  class=\"link\" href=\"http:\/\/201.234.74.124\/deboraarango\/hermesoft\/portalIG\/home_1\/publicacion\/publicado\" data-cp-link=\"1\" rel=\"noopener\">Anterior<\/a><\/div> <\/div><\/div> <\/div><div  id=\"plataformas-educativas\" style=\"background-color: #ffffff;\" data-label=\"Plataformas educativas\" data-id=\"features-12-card-bordered\" data-export-id=\"features-12-card-bordered\" data-category=\"features\" class=\"features-12-card-bordered content-section content-section-spacing \"><div  class=\"gridContainer\"> <div  class=\"row text-center\"><div  class=\"section-title-col\" data-type=\"column\">  <h2  class=\"\">Plataformas educativas<\/h2><p  class=\"lead\"><span  style=\"font-size: 19.2px;\">Es esta secci\u00f3n encontrar\u00e1s el acceso a las plataformas educativas del Tecnol\u00f3gico de Artes D\u00e9bora Arango<\/span><\/p><\/div> <\/div> <div  class=\"row spaced-cols content-center-sm start-sm\" data-type=\"row\"> <div  class=\"col-sm-6 col-md-4\"> <div  class=\"card row-card bordered y-move\"> <div  class=\"row\"> <div  class=\"col-sm-fit icon-column\"> <a  data-cp-link=\"1\" href=\"https:\/\/virtual.deboraarango.edu.co\/login\/signup.php\" rel=\"noopener\" class=\"\"><i  class=\"fa icon color2 fa-graduation-cap bordered round\"><\/i><\/a> <\/div> <div  class=\"col-sm\" data-type=\"column\"> <h5  class=\"color2\">Inscripci\u00f3n a c\u00e1tedras Institucionales<\/h5> <p  class=\"\">Solo para estudiantes de \u00faltimo semestre de T\u00e9cnica<\/p><\/div> <\/div><\/div> <\/div><div  class=\"col-sm-6 col-md-4 \"> <div  class=\"card row-card bordered y-move\"> <div  class=\"row\"> <div  class=\"col-sm-fit icon-column\"> <a  data-cp-link=\"1\" href=\"https:\/\/virtual.deboraarango.edu.co\/login\/index.php\" class=\"\" rel=\"noopener\"><i  class=\"fa icon color2 fa-graduation-cap bordered round\"><\/i><\/a> <\/div> <div  class=\"col-sm\" data-type=\"column\"> <h5  class=\"color2\">Campus virtual Tecnol\u00f3gico de Artes D\u00e9bora Arango<\/h5> <p  class=\"\">Plataforma educativa programas de pregrado<\/p><\/div> <\/div><\/div> <\/div> <div  class=\"col-sm-6 col-md-4 \"> <div  class=\"card row-card bordered y-move\"> <div  class=\"row\"> <div  class=\"col-sm-fit icon-column\"> <a  data-cp-link=\"1\" href=\"https:\/\/www.incidelab.edu.co\/moodle\" class=\"\" rel=\"noopener\"><i  class=\"fa icon color2 fa-codepen bordered round\"><\/i><\/a> <\/div> <div  class=\"col-sm\" data-type=\"column\"> <h5  class=\"color2\">Campus virtual  INCIDELAB<\/h5> <p  class=\"\">Plataforma educativa Incidelab y cursos y talleres de extensi\u00f3n<\/p><\/div> <\/div><\/div> <\/div>  <div  class=\"col-sm-6 col-md-4\"> <div  class=\"card row-card bordered y-move\"> <div  class=\"row\"> <div  class=\"col-sm-fit icon-column\"> <a  data-cp-link=\"1\" href=\"https:\/\/virtual.deboraarango.edu.co\" rel=\"noopener\" class=\"\"><i  class=\"fa icon color2 fa-graduation-cap bordered round\"><\/i><\/a> <\/div> <div  class=\"col-sm\" data-type=\"column\"> <h5  class=\"color2\">Acceso a pruebas de admisi\u00f3n<\/h5> <p  class=\"\">Solo para aspirantes<\/p><\/div> <\/div><\/div> <\/div><div  class=\"col-sm-6 col-md-4\"> <div  class=\"card row-card bordered y-move\"> <div  class=\"row\"> <div  class=\"col-sm-fit icon-column\"> <a  data-cp-link=\"1\" href=\"http:\/\/190.0.46.114\/debora_virtual\/1.5\/I-Facil\/main\/admin\/index.php\" rel=\"noopener\" class=\"\"><i  class=\"fa icon color2 fa-graduation-cap bordered round\"><\/i><\/a> <\/div> <div  class=\"col-sm\" data-type=\"column\"> <h5  class=\"color2\">I-F\u00e1cil<\/h5> <p  class=\"\">Plataforma educativa programas de pregrado<\/p><p  class=\"\">Plataforma Anterio<\/p><\/div> <\/div><\/div> <\/div><\/div> <\/div><\/div><div  data-label=\"Biblioteca Institucional\" data-id=\"about--1\" data-export-id=\"about-9\" data-category=\"about\" class=\"about-9 content-section content-section-spacing\" id=\"biblioteca-institucional\" style=\"background-color: rgb(245, 250, 253);\"><div  class=\"gridContainer\"> <div  class=\"row middle-sm text-center\"><div  class=\"col-sm-5 space-bottom-xs content-column content-right-sm\" data-type=\"column\">  <h2  class=\"\">Biblioteca \u00abJes\u00fas Mej\u00eda Ossa\u00bb<\/h2> <p  class=\"\">B\u00fasqueda y Cat\u00e1logo en l\u00ednea Biblioteca \u00abJes\u00fas Mej\u00eda Ossa\u00bb&nbsp;<\/p> <a  class=\"button color1\" href=\"http:\/\/190.0.46.114:8081\/CatalogoBasico\" data-cp-link=\"1\" rel=\"noopener\">Ir al cat\u00e1logo<\/a><\/div> <div  class=\"col-sm-7 flexbox flexbox middle-xs center-xs space-bottom-xs\"><div  class=\"overlay-box flexbox middle-xs center-xs overlay-holder \"> <div  class=\"overlay-box-offset shadow-medium bg-color2 offset-background\"><\/div> <a  data-cp-link=\"1\" href=\"http:\/\/190.0.46.114:8081\/CatalogoBasico\" rel=\"noopener\" class=\"\"><img  decoding=\"async\" class=\"flexbox shadow-large img1\" src=\"https:\/\/www.deborapps.edu.co\/wp-content\/uploads\/2022\/03\/cropped-mision-300x300-1.jpg\" data-size=\"600x400\" alt=\"cropped-mision-300x300-1.jpg\"><\/a><\/div> <\/div><\/div> <\/div><\/div><div  data-label=\"Admision y encuestas\" data-id=\"features--2\" data-export-id=\"features-12\" data-category=\"features\" class=\"features-12 content-section content-section-spacing \" id=\"admision-y-encuestas\" style=\"background-color: rgb(245, 250, 253);\"><div  class=\"gridContainer\"> <div  class=\"row text-center\"><div  class=\"section-title-col\" data-type=\"column\"> <h2  class=\"\">Admisi\u00f3n y Encuestas<\/h2> <\/div> <\/div> <div  class=\"row spaced-cols\" data-type=\"row\"> <div  class=\"col-sm-6\"> <div  class=\"row space-bottom\"> <div  class=\"col-sm-fit icon-column\"> <a  data-cp-link=\"1\" href=\"https:\/\/admision.deboraarango.edu.co\" rel=\"noopener\" class=\"\"><i  class=\"fa icon color2 fa-check-square-o bordered round\"><\/i><\/a> <\/div> <div  class=\"col-sm\" data-type=\"column\"> <h5  class=\"color2\">Pruebas de Admisi\u00f3n<\/h5> <\/div> <\/div><\/div> <div  class=\"col-sm-6\"><div  class=\"row space-bottom\"> <div  class=\"col-sm-fit icon-column\"><a  data-cp-link=\"1\" href=\"https:\/\/www.encuestas.deboraarango.edu.co\/encuestas\" rel=\"noopener\" class=\"\"><i  class=\"fa icon color2 fa-bar-chart\"><\/i><\/a><\/div> <div  class=\"col-sm\" data-type=\"column\"><h5  class=\"color2\">Sistema de Encuestas institucionales<\/h5> <\/div> <\/div><\/div>   <\/div><\/div> <\/div><div  data-label=\"Features\" data-id=\"features--3\" data-export-id=\"features-13-card-bordered\" data-category=\"features\" class=\"features-13 content-section content-section-spacing\" id=\"features-1\" style=\"background-color: rgb(255, 255, 255);\"><div  class=\"gridContainer\"> <div  class=\"row text-center\"><div  class=\"section-title-col\" data-type=\"column\"> <h2  class=\"\">Uso interno Extensi\u00f3n y proyecci\u00f3n social<\/h2> <\/div> <\/div> <div  class=\"row spaced-cols content-center-sm\" data-type=\"row\"> <div  class=\"col-sm-4 col-md-4 \"> <div  class=\"card bordered y-move\" data-type=\"column\"> <a  data-cp-link=\"1\" href=\"https:\/\/www.cft.deborapps.edu.co\/auth\/login\" class=\"\" rel=\"noopener\"><i  class=\"fa icon color1 fa-line-chart reverse round big\"><\/i><\/a> <h4  class=\"\">Control Financiero a Terceros<\/h4>  <\/div> <\/div> <div  class=\"col-sm-4 col-md-4 \"> <div  class=\"card bordered y-move\" data-type=\"column\"> <a  data-cp-link=\"1\" href=\"https:\/\/www.gestion.deborapps.edu.co\" class=\"\" rel=\"noopener\"><i  class=\"fa icon color1 fa-500px reverse round big\"><\/i><\/a> <h4  class=\"\">Software de gesti\u00f3n&nbsp;<\/h4>  <\/div> <\/div> <div  class=\"col-sm-4 col-md-4 \"> <div  class=\"card bordered y-move\" data-type=\"column\"> <a  data-cp-link=\"1\" href=\"https:\/\/extension.bitrix24.es\" class=\"\" rel=\"noopener\"><i  class=\"fa icon color1 fa-group reverse round big\"><\/i><\/a> <h4  class=\"\">Bitrix24<\/h4>  <\/div> <\/div><\/div> <\/div><\/div><!-- Created with Elementor -->","protected":false},"excerpt":{"rendered":"<p>Mesa de Ayuda Correo Institucional Repositorio institucionalTecnol\u00f3gico de Artes D\u00e9bora Arango \u2013 Instituci\u00f3n Redefinida El Repositorio institucional es un espacio construido patra brindarte un acceso r\u00e1pido a las diferentes plataformas delTecnol\u00f3gico de Artes D\u00e9bora Arango ACADEMUSOFT Sistema acad\u00e9mico institucionalnuevo enlaceVer instructivo de ingreso a ACADEMUSOFT Ir a ACADEMUSOFT Anterior Plataformas educativasEs esta secci\u00f3n encontrar\u00e1s el&hellip; <br \/> <a class=\"read-more\" href=\"https:\/\/www.deborapps.edu.co\/\">Leer m\u00e1s<\/a><\/p>\n","protected":false},"author":1,"featured_media":0,"parent":0,"menu_order":0,"comment_status":"closed","ping_status":"closed","template":"page-templates\/homepage.php","meta":{"footnotes":""},"class_list":["post-11","page","type-page","status-publish","hentry"],"_links":{"self":[{"href":"https:\/\/www.deborapps.edu.co\/index.php?rest_route=\/wp\/v2\/pages\/11","targetHints":{"allow":["GET"]}}],"collection":[{"href":"https:\/\/www.deborapps.edu.co\/index.php?rest_route=\/wp\/v2\/pages"}],"about":[{"href":"https:\/\/www.deborapps.edu.co\/index.php?rest_route=\/wp\/v2\/types\/page"}],"author":[{"embeddable":true,"href":"https:\/\/www.deborapps.edu.co\/index.php?rest_route=\/wp\/v2\/users\/1"}],"replies":[{"embeddable":true,"href":"https:\/\/www.deborapps.edu.co\/index.php?rest_route=%2Fwp%2Fv2%2Fcomments&post=11"}],"version-history":[{"count":74,"href":"https:\/\/www.deborapps.edu.co\/index.php?rest_route=\/wp\/v2\/pages\/11\/revisions"}],"predecessor-version":[{"id":334,"href":"https:\/\/www.deborapps.edu.co\/index.php?rest_route=\/wp\/v2\/pages\/11\/revisions\/334"}],"wp:attachment":[{"href":"https:\/\/www.deborapps.edu.co\/index.php?rest_route=%2Fwp%2Fv2%2Fmedia&parent=11"}],"curies":[{"name":"wp","href":"https:\/\/api.w.org\/{rel}","templated":true}]}}